{"id":78,"date":"2013-01-18T16:07:59","date_gmt":"2013-01-18T15:07:59","guid":{"rendered":"http:\/\/sofigen.cz\/?page_id=78"},"modified":"2020-04-23T21:09:25","modified_gmt":"2020-04-23T19:09:25","slug":"our-people","status":"publish","type":"page","link":"https:\/\/sofigen.cz\/en\/our-people\/","title":{"rendered":"Our people and co-workers"},"content":{"rendered":"<p><span style=\"color: #800080;\"><strong>Prof. Michael Doubek, M.D., Ph.D.<\/strong><\/span><\/p>\n<ul>\n<li>physician specializing in hematology and transfusion medicine, medical genetics and intrenal medicine<\/li>\n<li><span id=\"result_box\" class=\"\" lang=\"en\"><span class=\"\">in the company he specializes in the diagnostics and analyzes of inheritance of rare diseases, cancer, leukemia and preparation of kits for diagnostics and prognostication of malignant disorders<\/span><\/span><\/li>\n<\/ul>\n<p><span style=\"color: #800080;\"><strong>Prof. \u0160\u00e1rka Posp\u00ed\u0161ilov\u00e1, MSc., Ph.D.<\/strong><\/span><\/p>\n<ul>\n<li>molecular biologist specializing in clinical genetics<\/li>\n<li><span id=\"result_box\" class=\"\" lang=\"en\"><span class=\"\">in the company she specializes in the diagnostics and analyzes of inheritance of rare diseases, cancer, leukemia and preparation of kits for diagnostics and prognostication of malignant disorders<\/span><\/span><\/li>\n<\/ul>\n<p><span style=\"color: #800080;\"><strong>Ji\u0159\u00ed \u0160tika, MSc., Ph.D.<\/strong><\/span><\/p>\n<ul>\n<li><span id=\"result_box\" class=\"\" lang=\"en\"><span class=\"\">specialist with experience and expertise in the field of molecular biology and clinical genetics<\/span><\/span><\/li>\n<li><span id=\"result_box\" class=\"\" lang=\"en\"><span class=\"\">in the company he specializes in the diagnostics and analyzes of inheritance of rare diseases, cancer, leukemia and preparation of kits for diagnostics and prognostication of malignant disorders<\/span><\/span><\/li>\n<\/ul>\n<p><span style=\"color: #800080;\"><strong>Filip Pardy, MSc.<\/strong><\/span><\/p>\n<ul>\n<li><span id=\"result_box\" class=\"\" lang=\"en\"><span class=\"\">specialist with experience and expertise in the field of molecular biology and clinical genetics<\/span><\/span><\/li>\n<li><span id=\"result_box\" class=\"\" lang=\"en\"><span class=\"\">3D print specialist<\/span><\/span><\/li>\n<\/ul>\n<p><span style=\"color: #333399;\"><strong><span style=\"color: #800080;\">Martina Sl\u00e1vikov\u00e1, MSc.<\/span><br \/>\n<\/strong><\/span><\/p>\n<ul>\n<li><span id=\"result_box\" class=\"\" lang=\"en\"><span class=\"\">specialist with experience in the field of laboratory genetics<br \/>\n<\/span><\/span><\/li>\n<li><span id=\"result_box\" class=\"\" lang=\"en\"><span class=\"\">in the company she specializes in the preparation of kits for diagnostics and prognostication of malignant disorders<br \/>\n<\/span><\/span><\/li>\n<\/ul>\n","protected":false},"excerpt":{"rendered":"<p>Prof. Michael Doubek, M.D., Ph.D. physician specializing in hematology and transfusion medicine, medical genetics and intrenal medicine in the company he specializes in the diagnostics and analyzes of inheritance of rare diseases, cancer, leukemia and preparation of kits for diagnostics and prognostication of malignant disorders Prof. \u0160\u00e1rka Posp\u00ed\u0161ilov\u00e1, MSc., Ph.D. molecular biologist specializing in clinical [&hellip;]<\/p>\n","protected":false},"author":1,"featured_media":0,"parent":0,"menu_order":0,"comment_status":"open","ping_status":"open","template":"","meta":{"footnotes":""},"class_list":["post-78","page","type-page","status-publish","hentry"],"yoast_head":"<!-- This site is optimized with the Yoast SEO plugin v27.3 - https:\/\/yoast.com\/product\/yoast-seo-wordpress\/ -->\n<title>Our people and co-workers - Sofigen<\/title>\n<meta name=\"robots\" content=\"index, follow, max-snippet:-1, max-image-preview:large, max-video-preview:-1\" \/>\n<link rel=\"canonical\" href=\"https:\/\/sofigen.cz\/en\/our-people\/\" \/>\n<meta property=\"og:locale\" content=\"en_US\" \/>\n<meta property=\"og:type\" content=\"article\" \/>\n<meta property=\"og:title\" content=\"Our people and co-workers - Sofigen\" \/>\n<meta property=\"og:description\" content=\"Prof. Michael Doubek, M.D., Ph.D. physician specializing in hematology and transfusion medicine, medical genetics and intrenal medicine in the company he specializes in the diagnostics and analyzes of inheritance of rare diseases, cancer, leukemia and preparation of kits for diagnostics and prognostication of malignant disorders Prof. \u0160\u00e1rka Posp\u00ed\u0161ilov\u00e1, MSc., Ph.D. molecular biologist specializing in clinical [&hellip;]\" \/>\n<meta property=\"og:url\" content=\"https:\/\/sofigen.cz\/en\/our-people\/\" \/>\n<meta property=\"og:site_name\" content=\"Sofigen\" \/>\n<meta property=\"article:modified_time\" content=\"2020-04-23T19:09:25+00:00\" \/>\n<meta name=\"twitter:card\" content=\"summary_large_image\" \/>\n<meta name=\"twitter:label1\" content=\"Est. reading time\" \/>\n\t<meta name=\"twitter:data1\" content=\"1 minute\" \/>\n<script type=\"application\/ld+json\" class=\"yoast-schema-graph\">{\"@context\":\"https:\\\/\\\/schema.org\",\"@graph\":[{\"@type\":\"WebPage\",\"@id\":\"https:\\\/\\\/sofigen.cz\\\/en\\\/our-people\\\/\",\"url\":\"https:\\\/\\\/sofigen.cz\\\/en\\\/our-people\\\/\",\"name\":\"Our people and co-workers - Sofigen\",\"isPartOf\":{\"@id\":\"https:\\\/\\\/sofigen.cz\\\/#website\"},\"datePublished\":\"2013-01-18T15:07:59+00:00\",\"dateModified\":\"2020-04-23T19:09:25+00:00\",\"breadcrumb\":{\"@id\":\"https:\\\/\\\/sofigen.cz\\\/en\\\/our-people\\\/#breadcrumb\"},\"inLanguage\":\"en-US\",\"potentialAction\":[{\"@type\":\"ReadAction\",\"target\":[\"https:\\\/\\\/sofigen.cz\\\/en\\\/our-people\\\/\"]}]},{\"@type\":\"BreadcrumbList\",\"@id\":\"https:\\\/\\\/sofigen.cz\\\/en\\\/our-people\\\/#breadcrumb\",\"itemListElement\":[{\"@type\":\"ListItem\",\"position\":1,\"name\":\"Dom\u016f\",\"item\":\"https:\\\/\\\/sofigen.cz\\\/en\\\/\"},{\"@type\":\"ListItem\",\"position\":2,\"name\":\"Our people and co-workers\"}]},{\"@type\":\"WebSite\",\"@id\":\"https:\\\/\\\/sofigen.cz\\\/#website\",\"url\":\"https:\\\/\\\/sofigen.cz\\\/\",\"name\":\"Sofigen\",\"description\":\"\",\"potentialAction\":[{\"@type\":\"SearchAction\",\"target\":{\"@type\":\"EntryPoint\",\"urlTemplate\":\"https:\\\/\\\/sofigen.cz\\\/?s={search_term_string}\"},\"query-input\":{\"@type\":\"PropertyValueSpecification\",\"valueRequired\":true,\"valueName\":\"search_term_string\"}}],\"inLanguage\":\"en-US\"}]}<\/script>\n<!-- \/ Yoast SEO plugin. -->","yoast_head_json":{"title":"Our people and co-workers - Sofigen","robots":{"index":"index","follow":"follow","max-snippet":"max-snippet:-1","max-image-preview":"max-image-preview:large","max-video-preview":"max-video-preview:-1"},"canonical":"https:\/\/sofigen.cz\/en\/our-people\/","og_locale":"en_US","og_type":"article","og_title":"Our people and co-workers - Sofigen","og_description":"Prof. Michael Doubek, M.D., Ph.D. physician specializing in hematology and transfusion medicine, medical genetics and intrenal medicine in the company he specializes in the diagnostics and analyzes of inheritance of rare diseases, cancer, leukemia and preparation of kits for diagnostics and prognostication of malignant disorders Prof. \u0160\u00e1rka Posp\u00ed\u0161ilov\u00e1, MSc., Ph.D. molecular biologist specializing in clinical [&hellip;]","og_url":"https:\/\/sofigen.cz\/en\/our-people\/","og_site_name":"Sofigen","article_modified_time":"2020-04-23T19:09:25+00:00","twitter_card":"summary_large_image","twitter_misc":{"Est. reading time":"1 minute"},"schema":{"@context":"https:\/\/schema.org","@graph":[{"@type":"WebPage","@id":"https:\/\/sofigen.cz\/en\/our-people\/","url":"https:\/\/sofigen.cz\/en\/our-people\/","name":"Our people and co-workers - Sofigen","isPartOf":{"@id":"https:\/\/sofigen.cz\/#website"},"datePublished":"2013-01-18T15:07:59+00:00","dateModified":"2020-04-23T19:09:25+00:00","breadcrumb":{"@id":"https:\/\/sofigen.cz\/en\/our-people\/#breadcrumb"},"inLanguage":"en-US","potentialAction":[{"@type":"ReadAction","target":["https:\/\/sofigen.cz\/en\/our-people\/"]}]},{"@type":"BreadcrumbList","@id":"https:\/\/sofigen.cz\/en\/our-people\/#breadcrumb","itemListElement":[{"@type":"ListItem","position":1,"name":"Dom\u016f","item":"https:\/\/sofigen.cz\/en\/"},{"@type":"ListItem","position":2,"name":"Our people and co-workers"}]},{"@type":"WebSite","@id":"https:\/\/sofigen.cz\/#website","url":"https:\/\/sofigen.cz\/","name":"Sofigen","description":"","potentialAction":[{"@type":"SearchAction","target":{"@type":"EntryPoint","urlTemplate":"https:\/\/sofigen.cz\/?s={search_term_string}"},"query-input":{"@type":"PropertyValueSpecification","valueRequired":true,"valueName":"search_term_string"}}],"inLanguage":"en-US"}]}},"_links":{"self":[{"href":"https:\/\/sofigen.cz\/en\/wp-json\/wp\/v2\/pages\/78","targetHints":{"allow":["GET"]}}],"collection":[{"href":"https:\/\/sofigen.cz\/en\/wp-json\/wp\/v2\/pages"}],"about":[{"href":"https:\/\/sofigen.cz\/en\/wp-json\/wp\/v2\/types\/page"}],"author":[{"embeddable":true,"href":"https:\/\/sofigen.cz\/en\/wp-json\/wp\/v2\/users\/1"}],"replies":[{"embeddable":true,"href":"https:\/\/sofigen.cz\/en\/wp-json\/wp\/v2\/comments?post=78"}],"version-history":[{"count":10,"href":"https:\/\/sofigen.cz\/en\/wp-json\/wp\/v2\/pages\/78\/revisions"}],"predecessor-version":[{"id":386,"href":"https:\/\/sofigen.cz\/en\/wp-json\/wp\/v2\/pages\/78\/revisions\/386"}],"wp:attachment":[{"href":"https:\/\/sofigen.cz\/en\/wp-json\/wp\/v2\/media?parent=78"}],"curies":[{"name":"wp","href":"https:\/\/api.w.org\/{rel}","templated":true}]}}